{"id":551,"date":"2025-04-04T12:01:46","date_gmt":"2025-04-04T12:01:46","guid":{"rendered":"https:\/\/jujitsu.is\/?page_id=551"},"modified":"2025-04-04T12:14:04","modified_gmt":"2025-04-04T12:14:04","slug":"ground-fighting-rules-summary","status":"publish","type":"page","link":"https:\/\/jujitsu.is\/is\/ground-fighting-rules-summary\/","title":{"rendered":"Yfirlit yfir reglur um bardaga \u00e1 j\u00f6r\u00f0u ni\u00f0ri"},"content":{"rendered":"<h1 class=\"wp-block-heading\">Yfirlit yfir reglur um bardaga \u00e1 j\u00f6r\u00f0u ni\u00f0ri<\/h1>\n\n\n\n<h2 class=\"wp-block-heading\">Yfirlit<\/h2>\n\n\n\n<p>Jar\u00f0bardagi er einn af fj\u00f3rum keppnisgreinum \u00ed bardagajujutsu sem einbl\u00ednir eing\u00f6ngu \u00e1 bardagat\u00e6kni \u00e1 j\u00f6r\u00f0u ni\u00f0ri. \u00d3l\u00edkt fullbardaga og n\u00e1bardagagreinum er banna\u00f0 a\u00f0 standa og h\u00f6gg.<\/p>\n\n\n\n<h2 class=\"wp-block-heading\">Leyf\u00f0ar a\u00f0ger\u00f0ir<\/h2>\n\n\n\n<ul class=\"wp-block-list\">\n<li>A\u00f0fer\u00f0ir vi\u00f0 bardaga \u00e1 j\u00f6r\u00f0u ni\u00f0ri<\/li>\n\n\n\n<li>S\u00e1rsaukafullar og k\u00e6fandi a\u00f0fer\u00f0ir<\/li>\n\n\n\n<li>A\u00f0 halda andst\u00e6\u00f0ingnum \u00e1 bakinu<\/li>\n\n\n\n<li>S\u00f3knar- og varnara\u00f0ger\u00f0ir \u00ed st\u00f6\u00f0um \u00e1 j\u00f6r\u00f0u ni\u00f0ri<\/li>\n<\/ul>\n\n\n\n<h2 class=\"wp-block-heading\">Banna\u00f0ar a\u00f0ger\u00f0ir<\/h2>\n\n\n\n<ul class=\"wp-block-list\">\n<li>\u00d6ll kast e\u00f0a athafnir \u00ed standandi st\u00f6\u00f0u<\/li>\n\n\n\n<li>\u00d6ll h\u00f6gg og h\u00f6gg<\/li>\n\n\n\n<li>A\u00f0 standa \u00e1 b\u00e1\u00f0um f\u00f3tum \u00ed meira en 3 sek\u00fandur<\/li>\n\n\n\n<li>Eftirl\u00edking af lokun me\u00f0 hn\u00e9h\u00f6ggi \u00e1 hrygg og h\u00f6fu\u00f0 (fyrir keppendur yngri en 14 \u00e1ra)<\/li>\n\n\n\n<li>Allar a\u00f0rar banna\u00f0ar athafnir sem nefndar eru \u00ed almennu reglunum (a\u00f0 sn\u00faa\/beygja h\u00e1ls\/hrygg, stinga \u00ed augu, b\u00edta, kl\u00f3ra o.s.frv.)<\/li>\n<\/ul>\n\n\n\n<h2 class=\"wp-block-heading\">B\u00fana\u00f0ur<\/h2>\n\n\n\n<ul class=\"wp-block-list\">\n<li>L\u00f6ggiltur einkennisb\u00faningur me\u00f0 sambandsmerkjum<\/li>\n\n\n\n<li>Enginn vi\u00f0b\u00f3tarhl\u00edfarb\u00fana\u00f0ur nau\u00f0synlegur<\/li>\n<\/ul>\n\n\n\n<h2 class=\"wp-block-heading\">Lengd leiks<\/h2>\n\n\n\n<ul class=\"wp-block-list\">\n<li><strong>Fullor\u00f0nir<\/strong>Venjulegur leikt\u00edmi \u2013 3 m\u00edn\u00fatur, framlenging \u2013 2 m\u00edn\u00fatur, Golden Score umfer\u00f0 \u2013 15 sek\u00fandur<\/li>\n\n\n\n<li><strong>8-13 \u00e1ra<\/strong>Venjulegur leikt\u00edmi \u2013 2 m\u00edn\u00fatur, framlenging \u2013 2 m\u00edn\u00fatur, Golden Score umfer\u00f0 \u2013 15 sek\u00fandur<\/li>\n\n\n\n<li>H\u00e1marks heildarbardagat\u00edmi: 5 m\u00edn\u00fatur og 15 sek\u00fandur (fullor\u00f0nir) e\u00f0a 4 m\u00edn\u00fatur og 15 sek\u00fandur (8-13 \u00e1ra)<\/li>\n<\/ul>\n\n\n\n<h2 class=\"wp-block-heading\">Leikjaferli<\/h2>\n\n\n\n<ol class=\"wp-block-list\">\n<li>Keppendur ra\u00f0a s\u00e9r upp vi\u00f0 ja\u00f0ar vallarins<\/li>\n\n\n\n<li>N\u00e1lgast mi\u00f0ju og standa \u00ed 2 metra fjarl\u00e6g\u00f0<\/li>\n\n\n\n<li>Framkv\u00e6ma nau\u00f0synlega beygjuath\u00f6fn<\/li>\n\n\n\n<li>Far\u00f0u \u00e1 eitt hn\u00e9 fyrir framan andst\u00e6\u00f0inginn \u00ed allt a\u00f0 eins metra fjarl\u00e6g\u00f0<\/li>\n\n\n\n<li>Hefja leikinn a\u00f0 skipun d\u00f3mara<\/li>\n<\/ol>\n\n\n\n<h2 class=\"wp-block-heading\">Sigurskilyr\u00f0i<\/h2>\n\n\n\n<ol class=\"wp-block-list\">\n<li><strong>\u00cd a\u00f0alt\u00edma<\/strong>Uppgj\u00f6f fr\u00e1 s\u00e1rsaukafullri\/k\u00f6fnunart\u00e6kni<\/li>\n\n\n\n<li><strong>Virkar a\u00f0ger\u00f0ir sem teljast<\/strong>:\n<ul class=\"wp-block-list\">\n<li>A\u00f0 halda andst\u00e6\u00f0ingnum \u00e1 bakinu \u00ed 10 sek\u00fandur (50% af hrygg andst\u00e6\u00f0ingsins festur vi\u00f0 tatami-d\u00fakinn)<\/li>\n\n\n\n<li>Eftirl\u00edking af lokah\u00f6ggum \u00ed tilgreindum st\u00f6\u00f0um<\/li>\n\n\n\n<li>Greinilega framkv\u00e6md s\u00e1rsaukafullrar\/k\u00f6fnunart\u00e6kni \u00ed a\u00f0 minnsta kosti 20 sek\u00fandur<\/li>\n<\/ul>\n<\/li>\n\n\n\n<li><strong>Aukat\u00edmi<\/strong>Bardaginn heldur \u00e1fram \u00fear til fyrstu virku a\u00f0ger\u00f0in hefst<\/li>\n\n\n\n<li><strong>Gullna stigakeppnin<\/strong>15 sek\u00fandna umfer\u00f0 \u00fear sem sigur er veittur fyrir:\n<ul class=\"wp-block-list\">\n<li>Eftirl\u00edking af \u00fev\u00ed a\u00f0 kl\u00e1ra \u00ed st\u00f6\u00f0u \u00e1 j\u00f6r\u00f0u ni\u00f0ri<\/li>\n\n\n\n<li>A\u00f0 halda andst\u00e6\u00f0ingnum \u00e1 bakinu \u00ed 10 sek\u00fandur<\/li>\n\n\n\n<li>Vel heppnu\u00f0 s\u00e1rsaukafull\/k\u00f6fnunart\u00e6kni<\/li>\n\n\n\n<li>A\u00f0 vera \u00ed efsta s\u00e6ti \u00ed lok umfer\u00f0ar<\/li>\n\n\n\n<li>Brot \u00e1 reglu af h\u00e1lfu andst\u00e6\u00f0ingsins<\/li>\n<\/ul>\n<\/li>\n\n\n\n<li>Ef engar t\u00e6knilegar a\u00f0ger\u00f0ir eiga s\u00e9r sta\u00f0 \u00ed \u00f6llum bardaganum tapa b\u00e1\u00f0ir keppendurnir.<\/li>\n<\/ol>\n\n\n\n<h2 class=\"wp-block-heading\">Aldursflokkar<\/h2>\n\n\n\n<p>Jar\u00f0bardagakeppnir eru haldnar fyrir:<\/p>\n\n\n\n<ul class=\"wp-block-list\">\n<li>B\u00f6rn (8-11 \u00e1ra)<\/li>\n\n\n\n<li>Kadettar (12-15 \u00e1ra)<\/li>\n\n\n\n<li>Unglingar (16-17 \u00e1ra)<\/li>\n\n\n\n<li>Fullor\u00f0nir (18-36 \u00e1ra)<\/li>\n\n\n\n<li>Fullor\u00f0nir (37-45 \u00e1ra)<\/li>\n\n\n\n<li>Hermenn (yfir 46 \u00e1ra)<\/li>\n<\/ul>\n\n\n\n<p>\u00deessi hluti leggur \u00e1herslu \u00e1 t\u00e6knilega bardagaf\u00e6rni \u00e1 j\u00f6r\u00f0u ni\u00f0ri me\u00f0 \u00e1herslu \u00e1 stj\u00f3rn, uppgjafart\u00e6kni og st\u00f6\u00f0uyfirr\u00e1\u00f0 frekar en a\u00f0 sl\u00e1 e\u00f0a kasta.<\/p>\n\n\n\n<h2 class=\"wp-block-heading\">Um eftirl\u00edkingu af lokah\u00f6ggum \u00ed tilgreindum st\u00f6\u00f0um<\/h2>\n\n\n\n<h2 class=\"wp-block-heading\">Skilgreining<\/h2>\n\n\n\n<p>Eftirl\u00edking af lokah\u00f6ggum er t\u00e6kni \u00fear sem keppandi hermir eftir a\u00f0 veita afgerandi h\u00f6gg til stj\u00f3rna\u00f0s andst\u00e6\u00f0ings \u00e1 j\u00f6r\u00f0inni, \u00e1n \u00feess a\u00f0 raunverulega snerta hann. \u00deetta er a\u00f0eins meti\u00f0 \u00feegar \u00fea\u00f0 er framkv\u00e6mt r\u00e9tt me\u00f0 r\u00e9ttri t\u00e6kni.<\/p>\n\n\n\n<h2 class=\"wp-block-heading\">Kr\u00f6fur um gilda eftirl\u00edkingu<\/h2>\n\n\n\n<p>Til \u00feess a\u00f0 eftirl\u00edking af lokah\u00f6ggum teljist me\u00f0:<\/p>\n\n\n\n<ul class=\"wp-block-list\">\n<li>Ver\u00f0ur a\u00f0 framkv\u00e6ma n\u00e1kv\u00e6mlega<\/li>\n\n\n\n<li>Ver\u00f0ur a\u00f0 framkv\u00e6ma me\u00f0 brei\u00f0u sveifluv\u00eddd<\/li>\n\n\n\n<li>Ver\u00f0ur a\u00f0 fela \u00ed s\u00e9r flutning l\u00edkams\u00feyngdar yfir \u00e1 tatami-undirlagi\u00f0<\/li>\n\n\n\n<li>Ver\u00f0ur a\u00f0 beinast greinilega a\u00f0 \u00f3varinni fleti<\/li>\n\n\n\n<li>Ver\u00f0ur a\u00f0 framkv\u00e6ma a\u00f0 minnsta kosti \u00ferisvar sinnum \u00ed r\u00f6\u00f0<\/li>\n\n\n\n<li>Andst\u00e6\u00f0ingurinn ver\u00f0ur a\u00f0 vera alveg fastur \u00e1 tatami-mottunni (\u00e1 baki, hli\u00f0 e\u00f0a maga)<\/li>\n\n\n\n<li>\u00c1r\u00e1sara\u00f0ili ver\u00f0ur a\u00f0 vera \u00ed st\u00f6\u00f0ugri yfirbur\u00f0ast\u00f6\u00f0u<\/li>\n<\/ul>\n\n\n\n<h2 class=\"wp-block-heading\">\u00d3gildar eftirl\u00edkingar<\/h2>\n\n\n\n<p>Eftirl\u00edkingin telst EKKI me\u00f0 ef:<\/p>\n\n\n\n<ul class=\"wp-block-list\">\n<li>Andst\u00e6\u00f0ingnum tekst a\u00f0 hylja sig me\u00f0 olnbogunum<\/li>\n\n\n\n<li>\u00c1r\u00e1sarma\u00f0urinn hefur ekki st\u00f6\u00f0uga yfirbur\u00f0ast\u00f6\u00f0u<\/li>\n\n\n\n<li>F\u00e6rri en \u00ferj\u00fa hermd h\u00f6gg eru framkv\u00e6md<\/li>\n<\/ul>\n\n\n\n<h2 class=\"wp-block-heading\">Sam\u00feykktar st\u00f6\u00f0ur fyrir eftirl\u00edkingar<\/h2>\n\n\n\n<p>Eftirl\u00edking af lokah\u00f6ggum er a\u00f0eins h\u00e6gt a\u00f0 framkv\u00e6ma \u00far \u00e1kve\u00f0num st\u00f6\u00f0um:<\/p>\n\n\n\n<ol class=\"wp-block-list\">\n<li><strong>Fr\u00e1 efstu festingarst\u00f6\u00f0u<\/strong>:\n<ul class=\"wp-block-list\">\n<li>A\u00f0 sitja \u00e1 maga e\u00f0a bringu andst\u00e6\u00f0ingsins<\/li>\n\n\n\n<li>Andst\u00e6\u00f0ingurinn liggur \u00e1 bakinu<\/li>\n\n\n\n<li>H\u00f6fu\u00f0 andst\u00e6\u00f0ingsins fast, \u00f3vari\u00f0 og \u00fer\u00fdst ni\u00f0ur \u00e1 g\u00f3lfi\u00f0<\/li>\n\n\n\n<li>Hermir eftir me\u00f0 hnefa e\u00f0a olnboga vi\u00f0 h\u00f6fu\u00f0 andst\u00e6\u00f0ingsins \u00e1 tatami-g\u00f3lfinu<\/li>\n<\/ul>\n<\/li>\n\n\n\n<li><strong>Fr\u00e1 afturfestingarst\u00f6\u00f0u<\/strong>:\n<ul class=\"wp-block-list\">\n<li>A\u00f0 sitja \u00e1 baki andst\u00e6\u00f0ingsins<\/li>\n\n\n\n<li>Andst\u00e6\u00f0ingurinn liggur \u00e1 maganum<\/li>\n\n\n\n<li>Hryggur andst\u00e6\u00f0ingsins fastur og \u00f3varinn<\/li>\n\n\n\n<li>Hermir eftir \u00e1n snertingar, beinir f\u00e6ti a\u00f0 hrygg andst\u00e6\u00f0ingsins<\/li>\n<\/ul>\n<\/li>\n\n\n\n<li><strong>Fr\u00e1 hli\u00f0\/nor\u00f0ur-su\u00f0ur krj\u00fapandi st\u00f6\u00f0u<\/strong>:\n<ul class=\"wp-block-list\">\n<li>A\u00f0 krj\u00fapa vi\u00f0 hli\u00f0ina \u00e1 baki e\u00f0a h\u00f6f\u00f0i andst\u00e6\u00f0ingsins<\/li>\n\n\n\n<li>A\u00f0 festa l\u00edkama andst\u00e6\u00f0ingsins me\u00f0 olnbogum a\u00f0 ofan<\/li>\n\n\n\n<li>Andst\u00e6\u00f0ingur liggur \u00e1 hli\u00f0inni e\u00f0a bakinu<\/li>\n\n\n\n<li>Hryggur e\u00f0a h\u00f6fu\u00f0 andst\u00e6\u00f0ingsins fastur og \u00f3varinn<\/li>\n\n\n\n<li>Hermir eftir \u00e1n snertingar, beinir hn\u00e9 a\u00f0 hrygg e\u00f0a h\u00f6f\u00f0i<\/li>\n<\/ul>\n<\/li>\n<\/ol>\n\n\n\n<h2 class=\"wp-block-heading\">Sigur<\/h2>\n\n\n\n<h3 class=\"wp-block-heading\">Fullur sigur (Ippon):<\/h3>\n\n\n\n<ol class=\"wp-block-list\">\n<li><strong>Uppgj\u00f6f me\u00f0 s\u00e1rsaukafullri a\u00f0fer\u00f0<\/strong>\u00deegar andst\u00e6\u00f0ingur sl\u00e6r \u00fat (tv\u00edskipt me\u00f0 hendi, f\u00e6ti e\u00f0a munnlegu merki) vegna li\u00f0l\u00e6singar e\u00f0a annarrar s\u00e1rsaukafullrar a\u00f0fer\u00f0ar<\/li>\n\n\n\n<li><strong>Undirgefni me\u00f0 k\u00f6fnunart\u00e6kni<\/strong>\u00deegar andst\u00e6\u00f0ingur sl\u00e6r \u00fat vegna kyrkingar e\u00f0a k\u00f6fnunar, e\u00f0a s\u00fdnir merki um a\u00f0 missa me\u00f0vitund<\/li>\n\n\n\n<li><strong>Sk\u00fdr framkv\u00e6md s\u00e1rsaukafullrar\/k\u00f6fnunart\u00e6kni<\/strong> (fyrir b\u00f6rn 8-11 \u00e1ra): \u00deegar keppandi n\u00e6r greinilega st\u00f6\u00f0u me\u00f0 f\u00f6stum teyg\u00f0um e\u00f0a sn\u00fanum li\u00f0, e\u00f0a festir greinilega h\u00e1ls andst\u00e6\u00f0ingsins me\u00f0 k\u00f6fnunart\u00e6kni (d\u00f3mari getur st\u00f6\u00f0va\u00f0 leikinn \u00e1\u00f0ur en hann hefur raunverulega gripi\u00f0 til \u00f6ryggis)<\/li>\n\n\n\n<li><strong>Auglj\u00f3s kostur<\/strong>Ef einn \u00fe\u00e1tttakandi s\u00fdnir algj\u00f6rt missi \u00e1hugann \u00e1 a\u00f0 halda \u00e1fram e\u00f0a er undir \u00e1hrifum \u00ed meira en 5 sek\u00fandur \u00e1n \u00feess a\u00f0 breg\u00f0ast vi\u00f0.<\/li>\n\n\n\n<li><strong>Vel heppnu\u00f0 eftirl\u00edking af lokah\u00f6ggum<\/strong>A\u00f0 framkv\u00e6ma \u00ferj\u00e1r sk\u00fdrar eftirl\u00edkingar af lokak\u00f6stum me\u00f0 fullri stj\u00f3rn \u00e1 andst\u00e6\u00f0ingnum \u00ed yfirbur\u00f0ast\u00f6\u00f0u.<\/li>\n\n\n\n<li><strong>Afturk\u00f6llun, brottv\u00edsun e\u00f0a mei\u00f0sli<\/strong>Ef andst\u00e6\u00f0ingur er fjarl\u00e6g\u00f0ur \u00far leik vegna brots \u00e1 reglum, getur ekki haldi\u00f0 \u00e1fram vegna mei\u00f0sla e\u00f0a dregur sig til baka.<\/li>\n<\/ol>\n\n\n\n<h3 class=\"wp-block-heading\">A\u00f0rar a\u00f0st\u00e6\u00f0ur \u00fear sem leikurinn endar:<\/h3>\n\n\n\n<ul class=\"wp-block-list\">\n<li><strong>T\u00edmabil rennur \u00fat<\/strong>\u00deegar a\u00f0alt\u00edmi (2-3 m\u00edn\u00fatur) er li\u00f0inn, ef engin af ofangreindum \u00farslitaa\u00f0ger\u00f0um \u00e1tti s\u00e9r sta\u00f0, fer leikurinn \u00ed framlengingu e\u00f0a stigagj\u00f6f.<\/li>\n\n\n\n<li><strong>\u00cd framlengingu<\/strong>Fyrsta virka a\u00f0ger\u00f0in (\u00fear \u00e1 me\u00f0al 10 sek\u00fandna hald \u00e1 bakinu) l\u00fdkur framlengingunni strax me\u00f0 sigri.<\/li>\n\n\n\n<li><strong>\u00cd Golden Score umfer\u00f0inni<\/strong>\u00d6ll \u00feessi a\u00f0ger\u00f0 l\u00fdkur 15 sek\u00fandna umfer\u00f0inni samstundis:\n<ul class=\"wp-block-list\">\n<li>Eftirl\u00edking af \u00fev\u00ed a\u00f0 kl\u00e1ra \u00ed st\u00f6\u00f0u \u00e1 j\u00f6r\u00f0u ni\u00f0ri<\/li>\n\n\n\n<li>A\u00f0 halda andst\u00e6\u00f0ingnum \u00e1 bakinu \u00ed 10 sek\u00fandur<\/li>\n\n\n\n<li>A\u00f0 framkv\u00e6ma s\u00e1rsaukafulla e\u00f0a k\u00f6fnunara\u00f0fer\u00f0<\/li>\n\n\n\n<li>A\u00f0 vera \u00ed yfirbur\u00f0ast\u00f6\u00f0u \u00ed lok umfer\u00f0arinnar<\/li>\n\n\n\n<li>Brot \u00e1 reglum af h\u00e1lfu andst\u00e6\u00f0ingsins<\/li>\n<\/ul>\n<\/li>\n<\/ul>\n\n\n\n<p>Reglurnar forgangsra\u00f0a afgerandi t\u00e6knilegum a\u00f0ger\u00f0um sem s\u00fdna fram \u00e1 sk\u00fdra stj\u00f3rn e\u00f0a myndu binda enda \u00e1 raunverulega bardagaa\u00f0st\u00e6\u00f0ur, me\u00f0 \u00f6ryggissj\u00f3narmi\u00f0um innbygg\u00f0um fyrir yngri keppendur.<\/p>\n\n\n\n<p><\/p>","protected":false},"excerpt":{"rendered":"<p>Yfirlit yfir reglur um bardaga \u00e1 j\u00f6r\u00f0u ni\u00f0ri Yfirlit Bardagi \u00e1 j\u00f6r\u00f0u ni\u00f0ri er einn af fj\u00f3rum keppnishlutum \u00ed bardaga Ju-Jutsu sem einbl\u00ednir eing\u00f6ngu \u00e1 bardagat\u00e6kni \u00e1 j\u00f6r\u00f0u ni\u00f0ri. \u00d3l\u00edkt hlutum fullbardaga og n\u00e1bardaga er banna\u00f0 a\u00f0 standa t\u00e6kni og h\u00f6gg. Leyf\u00f0ar a\u00f0ger\u00f0ir Banna\u00f0ar a\u00f0ger\u00f0ir B\u00fana\u00f0ur Lengd keppninnar Leikfyrirkomulag Sigurskilyr\u00f0i Aldursflokkar Bardagakeppnir \u00e1 j\u00f6r\u00f0u ni\u00f0ri eru haldnar fyrir: \u00deessi hluti leggur \u00e1herslu \u00e1 t\u00e6knilega [\u2026]<\/p>","protected":false},"author":1,"featured_media":0,"parent":0,"menu_order":0,"comment_status":"closed","ping_status":"closed","template":"wp-custom-template-simple-page","meta":{"footnotes":""},"class_list":["post-551","page","type-page","status-publish","hentry"],"_links":{"self":[{"href":"https:\/\/jujitsu.is\/is\/wp-json\/wp\/v2\/pages\/551","targetHints":{"allow":["GET"]}}],"collection":[{"href":"https:\/\/jujitsu.is\/is\/wp-json\/wp\/v2\/pages"}],"about":[{"href":"https:\/\/jujitsu.is\/is\/wp-json\/wp\/v2\/types\/page"}],"author":[{"embeddable":true,"href":"https:\/\/jujitsu.is\/is\/wp-json\/wp\/v2\/users\/1"}],"replies":[{"embeddable":true,"href":"https:\/\/jujitsu.is\/is\/wp-json\/wp\/v2\/comments?post=551"}],"version-history":[{"count":3,"href":"https:\/\/jujitsu.is\/is\/wp-json\/wp\/v2\/pages\/551\/revisions"}],"predecessor-version":[{"id":557,"href":"https:\/\/jujitsu.is\/is\/wp-json\/wp\/v2\/pages\/551\/revisions\/557"}],"wp:attachment":[{"href":"https:\/\/jujitsu.is\/is\/wp-json\/wp\/v2\/media?parent=551"}],"curies":[{"name":"wp","href":"https:\/\/api.w.org\/{rel}","templated":true}]}}