{"id":351,"date":"2024-08-02T12:52:19","date_gmt":"2024-08-02T12:52:19","guid":{"rendered":"http:\/\/jujitsu.is\/?page_id=351"},"modified":"2024-08-14T10:20:37","modified_gmt":"2024-08-14T10:20:37","slug":"teachers","status":"publish","type":"page","link":"http:\/\/jujitsu.is\/is\/teachers\/","title":{"rendered":"Kennarar"},"content":{"rendered":"<div class=\"wp-block-columns is-layout-flex wp-container-core-columns-is-layout-1a2ddb66 wp-block-columns-is-layout-flex\" style=\"padding-right:var(--wp--preset--spacing--30);padding-left:var(--wp--preset--spacing--30)\">\n<div class=\"wp-block-column is-layout-flow wp-block-column-is-layout-flow\" style=\"flex-basis:155px\">\n<figure class=\"wp-block-image size-full is-resized wp-duotone-duotone-1\"><img loading=\"lazy\" decoding=\"async\" width=\"169\" height=\"169\" src=\"http:\/\/jujitsu.is\/wp-content\/uploads\/2024\/08\/gilles_temp.png\" alt=\"\" class=\"wp-image-445\" style=\"width:154px;height:auto\" srcset=\"http:\/\/jujitsu.is\/wp-content\/uploads\/2024\/08\/gilles_temp.png 169w, http:\/\/jujitsu.is\/wp-content\/uploads\/2024\/08\/gilles_temp-150x150.png 150w, http:\/\/jujitsu.is\/wp-content\/uploads\/2024\/08\/gilles_temp-12x12.png 12w\" sizes=\"auto, (max-width: 169px) 100vw, 169px\" \/><\/figure>\n<\/div>\n\n\n\n<div class=\"wp-block-column is-vertically-aligned-center is-layout-flow wp-block-column-is-layout-flow\">\n<p class=\"has-medium-font-size\"><strong>Gilles Tasse <br><\/strong>Gilles er me\u00f0 svart belti \u00ed jap\u00f6nsku ju jitsu og hefur \u00e6ft bardagalistir \u00ed yfir 25 \u00e1r. Hann er me\u00f0 br\u00fant belti \u00ed karate \u00ed Frakklandi og var ver\u00f0launahafi \u00ed \u00feungavigtarflokki \u00ed Kumite \u00e1 \u00cdslandsmeistaram\u00f3tinu \u00e1ri\u00f0 2004. Hann f\u00e9kk einnig br\u00fant belti \u00ed j\u00fad\u00f3 \u00e1ri\u00f0 2019 \u00ed Frakklandi.<\/p>\n<\/div>\n<\/div>\n\n\n\n<div class=\"wp-block-columns is-layout-flex wp-container-core-columns-is-layout-1a2ddb66 wp-block-columns-is-layout-flex\" style=\"padding-right:var(--wp--preset--spacing--30);padding-left:var(--wp--preset--spacing--30)\">\n<div class=\"wp-block-column is-layout-flow wp-block-column-is-layout-flow\" style=\"flex-basis:155px\">\n<figure class=\"wp-block-image size-full is-resized has-custom-border wp-duotone-duotone-1\"><img loading=\"lazy\" decoding=\"async\" width=\"305\" height=\"316\" src=\"http:\/\/jujitsu.is\/wp-content\/uploads\/2024\/08\/reyjnir-1.jpg\" alt=\"\" class=\"wp-image-452\" style=\"border-radius:100%;width:155px;height:auto\" srcset=\"http:\/\/jujitsu.is\/wp-content\/uploads\/2024\/08\/reyjnir-1.jpg 305w, http:\/\/jujitsu.is\/wp-content\/uploads\/2024\/08\/reyjnir-1-290x300.jpg 290w, http:\/\/jujitsu.is\/wp-content\/uploads\/2024\/08\/reyjnir-1-12x12.jpg 12w\" sizes=\"auto, (max-width: 305px) 100vw, 305px\" \/><\/figure>\n<\/div>\n\n\n\n<div class=\"wp-block-column is-layout-flow wp-block-column-is-layout-flow\">\n<p><strong>Reynir A. \u00d3skarson<\/strong><br>Reynir A. \u00d3skarson hefur stunda\u00f0 bardagalistir \u00ed 30 \u00e1r. Hann er me\u00f0 2. dan svart belti \u00ed Tae Kwon Do og 1. dan svart belti \u00ed jap\u00f6nsku Jiu Jitsu. Hann hefur keppt \u00ed \u00e1hugamanna MMA og er l\u00e6rlingur \u00ed Jeet Kune Do. \u00c1 s\u00ed\u00f0asta \u00e1ratug hefur Reynir einbeitt s\u00e9r a\u00f0 bardagaa\u00f0fer\u00f0um v\u00edkinga me\u00f0 teymi s\u00ednu, Hurstwic.<\/p>\n<\/div>\n<\/div>\n\n\n\n<div class=\"wp-block-columns is-layout-flex wp-container-core-columns-is-layout-5091463b wp-block-columns-is-layout-flex\" style=\"margin-top:0;margin-bottom:0;padding-top:var(--wp--preset--spacing--10);padding-bottom:var(--wp--preset--spacing--10)\">\n<div class=\"wp-block-column is-layout-flow wp-block-column-is-layout-flow\" style=\"padding-right:var(--wp--preset--spacing--30);padding-left:var(--wp--preset--spacing--30);flex-basis:134px\">\n<figure class=\"wp-block-image size-full is-resized has-custom-border\"><img loading=\"lazy\" decoding=\"async\" width=\"157\" height=\"161\" src=\"https:\/\/jujitsu.is\/wp-content\/uploads\/2024\/08\/runnar.png\" alt=\"\" class=\"wp-image-496\" style=\"border-radius:100px;width:155px\" srcset=\"http:\/\/jujitsu.is\/wp-content\/uploads\/2024\/08\/runnar.png 157w, http:\/\/jujitsu.is\/wp-content\/uploads\/2024\/08\/runnar-12x12.png 12w\" sizes=\"auto, (max-width: 157px) 100vw, 157px\" \/><\/figure>\n<\/div>\n\n\n\n<div class=\"wp-block-column is-layout-flow wp-block-column-is-layout-flow\">\n<p><strong>Runnar<\/strong> <br>Runnar hefur stunda\u00f0 j\u00fajitsu \u00ed meira en 20 \u00e1r. Hann er me\u00f0 svart belti \u00ed jap\u00f6nsku jujitsu og hefur langvarandi \u00e1str\u00ed\u00f0u fyrir langhlaupum og hefur gert um allan heim. <\/p>\n<\/div>\n<\/div>\n\n\n\n<p><\/p>","protected":false},"excerpt":{"rendered":"<p>Gilles Tasse Gilles er svartbelti \u00ed jap\u00f6nsku jujitsu og hefur \u00e6ft \u00ed yfir 25 \u00e1r. Hann er me\u00f0 br\u00fant belti \u00ed karate \u00ed Frakklandi og vann ver\u00f0launahafi \u00ed \u00cdslendingum \u00ed \u00feungavigt \u00ed Kumite \u00e1ri\u00f0 2004. Hann hefur einnig fengi\u00f0 br\u00fant belti \u00ed j\u00fad\u00f3 \u00e1ri\u00f0 2019 \u00ed Frakklandi. Reynir A. [\u2026]<\/p>","protected":false},"author":1,"featured_media":0,"parent":0,"menu_order":0,"comment_status":"closed","ping_status":"closed","template":"wp-custom-template-simple-page","meta":{"footnotes":""},"class_list":["post-351","page","type-page","status-publish","hentry"],"_links":{"self":[{"href":"http:\/\/jujitsu.is\/is\/wp-json\/wp\/v2\/pages\/351","targetHints":{"allow":["GET"]}}],"collection":[{"href":"http:\/\/jujitsu.is\/is\/wp-json\/wp\/v2\/pages"}],"about":[{"href":"http:\/\/jujitsu.is\/is\/wp-json\/wp\/v2\/types\/page"}],"author":[{"embeddable":true,"href":"http:\/\/jujitsu.is\/is\/wp-json\/wp\/v2\/users\/1"}],"replies":[{"embeddable":true,"href":"http:\/\/jujitsu.is\/is\/wp-json\/wp\/v2\/comments?post=351"}],"version-history":[{"count":12,"href":"http:\/\/jujitsu.is\/is\/wp-json\/wp\/v2\/pages\/351\/revisions"}],"predecessor-version":[{"id":498,"href":"http:\/\/jujitsu.is\/is\/wp-json\/wp\/v2\/pages\/351\/revisions\/498"}],"wp:attachment":[{"href":"http:\/\/jujitsu.is\/is\/wp-json\/wp\/v2\/media?parent=351"}],"curies":[{"name":"wp","href":"https:\/\/api.w.org\/{rel}","templated":true}]}}