{"id":108,"date":"2024-06-15T00:36:27","date_gmt":"2024-06-15T00:36:27","guid":{"rendered":"http:\/\/jujitsu.is\/?page_id=108"},"modified":"2025-08-26T12:31:02","modified_gmt":"2025-08-26T12:31:02","slug":"pricing","status":"publish","type":"page","link":"http:\/\/jujitsu.is\/is\/pricing\/","title":{"rendered":"Gjaldskr\u00e1"},"content":{"rendered":"<div class=\"wp-block-columns is-layout-flex wp-container-core-columns-is-layout-28f84493 wp-block-columns-is-layout-flex\">\n<div class=\"wp-block-column is-layout-flow wp-block-column-is-layout-flow\">\n<h2 class=\"wp-block-heading\">Gjaldskr\u00e1<\/h2>\n<\/div>\n\n\n\n<div class=\"wp-block-column is-layout-flow wp-block-column-is-layout-flow\">\n<div class=\"wp-block-buttons is-content-justification-right is-layout-flex wp-container-core-buttons-is-layout-d445cf74 wp-block-buttons-is-layout-flex\">\n<div class=\"wp-block-button has-custom-width wp-block-button__width-50\"><a class=\"wp-block-button__link has-base-2-color has-text-color has-background has-link-color has-medium-font-size has-custom-font-size wp-element-button\" style=\"background-color:#f01919\">Skr\u00e1\u00f0u \u00feig<\/a><\/div>\n<\/div>\n<\/div>\n<\/div>\n\n\n\n<div class=\"wp-block-columns is-layout-flex wp-container-core-columns-is-layout-28f84493 wp-block-columns-is-layout-flex\">\n<div class=\"wp-block-column is-layout-flow wp-block-column-is-layout-flow\">\n<figure class=\"wp-block-image aligncenter size-full is-resized has-custom-border\"><img loading=\"lazy\" decoding=\"async\" width=\"435\" height=\"919\" src=\"http:\/\/jujitsu.is\/wp-content\/uploads\/2024\/06\/20220702_124812.jpg\" alt=\"\" class=\"has-border-color wp-image-193\" style=\"border-color:#111111;border-width:1px;border-radius:10px;aspect-ratio:0.75;object-fit:cover;width:460px;height:auto\" srcset=\"http:\/\/jujitsu.is\/wp-content\/uploads\/2024\/06\/20220702_124812.jpg 435w, http:\/\/jujitsu.is\/wp-content\/uploads\/2024\/06\/20220702_124812-142x300.jpg 142w\" sizes=\"auto, (max-width: 435px) 100vw, 435px\" \/><\/figure>\n<\/div>\n\n\n\n<div class=\"wp-block-column is-layout-flow wp-block-column-is-layout-flow\">\n<p class=\"has-large-font-size\">ver\u00f0skr\u00e1 \u00e6fingar<\/p>\n\n\n\n<figure class=\"wp-block-table is-style-stripes has-small-font-size\"><table class=\"has-fixed-layout\"><tbody><tr><td><strong>Fullor\u00f0nir<\/strong><\/td><td><strong>B\u00f6rn<\/strong><\/td><\/tr><tr><td>1 m\u00e1nu\u00f0ur \u2013 15.000,- kr<\/td><td>1 m\u00e1nu\u00f0ur \u2013 10.000,- kr<\/td><\/tr><tr><td>3 m\u00e1nu\u00f0ir \u2013 35.000,- kr<\/td><td>4 m\u00e1nu\u00f0ir \u2013 28.000,- kr ( 25.000,- kr. me\u00f0 systkinaafsl\u00e6tti)<\/td><\/tr><tr><td>6 m\u00e1nu\u00f0ir \u2013 55.000,- kr<\/td><td>5 m\u00e1nu\u00f0ir \u2013 33.000,- kr( 30.000,- kr. me\u00f0 systkinaafsl\u00e6tti)<\/td><\/tr><tr><td>12 m\u00e1nu\u00f0ir \u2013 90.000,- kr<\/td><td>9 m\u00e1nu\u00f0ir \u2013 48.000,- kr( 43.000,- kr. me\u00f0 systkinaafsl\u00e6tti)<\/td><\/tr><\/tbody><\/table><\/figure>\n\n\n\n<p class=\"has-large-font-size\">GREI\u00d0SLUUPPL\u00ddSINGAR<\/p>\n\n\n\n<p>\u00de\u00fa getur greitt me\u00f0 rei\u00f0uf\u00e9, kreditkortasamningum e\u00f0a millif\u00e6rslu. Grei\u00f0sludreyfingar eru \u00ed bo\u00f0i. JJFR er a\u00f0ili a\u00f0 fr\u00edstundakorti Reykjav\u00edkurborgar.<\/p>\n\n\n\n<p>Ju Jitsuf\u00e9lag Reykjav\u00edk<br>Reikningur: 0303-26-003379<br>Kennitala: 471098-3379<\/p>\n\n\n\n<p>Gakktu \u00far skugga um a\u00f0 netbankinn \u00feinn sendi tilkynningu til <a>gjaldkeri@sjalfsvorn.is<\/a>, \u00fear \u00e1 me\u00f0al nafn nemandans og deild (b\u00f6rn\/fullor\u00f0nir) \u00ed skilabo\u00f0um.<\/p>\n<\/div>\n<\/div>","protected":false},"excerpt":{"rendered":"<p>Ver\u00f0skr\u00e1 ver\u00f0skr\u00e1 \u00e6fingar Fullor\u00f0nir B\u00f6rn 1 m\u00e1nu\u00f0ur \u2013 15.000,- kr 1 m\u00e1nu\u00f0ur \u2013 10.000,- kr 3 m\u00e1nu\u00f0ir \u2013 35.000,- kr 4 m\u00e1nu\u00f0ir \u2013 28.000,- kr ( 25.000,- kr. me\u00f0 systkinaafsl\u00e6tti 5-6.00 m\u00e1na\u00f0a) 5-6.0 m\u00e1na\u00f0ar. 33.000,- kr( 30.000,- kr. me\u00f0 systkinaafsl\u00e6tti) 12 m\u00e1nu\u00f0ir \u2013 90.000,- kr 9 m\u00e1nu\u00f0ir \u2013 48.000,- kr( 43.000,- [\u2026]<\/p>","protected":false},"author":1,"featured_media":0,"parent":0,"menu_order":0,"comment_status":"closed","ping_status":"closed","template":"wp-custom-template-simple-page","meta":{"footnotes":""},"class_list":["post-108","page","type-page","status-publish","hentry"],"_links":{"self":[{"href":"http:\/\/jujitsu.is\/is\/wp-json\/wp\/v2\/pages\/108","targetHints":{"allow":["GET"]}}],"collection":[{"href":"http:\/\/jujitsu.is\/is\/wp-json\/wp\/v2\/pages"}],"about":[{"href":"http:\/\/jujitsu.is\/is\/wp-json\/wp\/v2\/types\/page"}],"author":[{"embeddable":true,"href":"http:\/\/jujitsu.is\/is\/wp-json\/wp\/v2\/users\/1"}],"replies":[{"embeddable":true,"href":"http:\/\/jujitsu.is\/is\/wp-json\/wp\/v2\/comments?post=108"}],"version-history":[{"count":10,"href":"http:\/\/jujitsu.is\/is\/wp-json\/wp\/v2\/pages\/108\/revisions"}],"predecessor-version":[{"id":570,"href":"http:\/\/jujitsu.is\/is\/wp-json\/wp\/v2\/pages\/108\/revisions\/570"}],"wp:attachment":[{"href":"http:\/\/jujitsu.is\/is\/wp-json\/wp\/v2\/media?parent=108"}],"curies":[{"name":"wp","href":"https:\/\/api.w.org\/{rel}","templated":true}]}}