{"id":105,"date":"2024-06-15T00:34:32","date_gmt":"2024-06-15T00:34:32","guid":{"rendered":"http:\/\/jujitsu.is\/?page_id=105"},"modified":"2025-08-26T12:15:46","modified_gmt":"2025-08-26T12:15:46","slug":"stundatafla","status":"publish","type":"page","link":"http:\/\/jujitsu.is\/is\/stundatafla\/","title":{"rendered":"Stundaskr\u00e1"},"content":{"rendered":"<p class=\"has-text-align-center\"><strong>b\u00f6rn: 10-13 \u00e1ra<br>&#8211; 18 : 14 &#8211; 17<br>Fullor\u00f0nir: 18+  <\/strong><\/p>\n\n\n\n<table border=\"1\" cellpadding=\"10\" cellspacing=\"0\" style=\"margin:auto\">\n    <tr>\n        <th><\/th>\n        <th>m\u00e1nudag<\/th>\n        <th>\u00feri\u00f0judag<\/th>\n        <th>mi\u00f0vikudag<\/th>\n        <th>fimmtudag<\/th>\n        <th>f\u00f6studag<\/th>\n        <th>laugardag<\/th>\n        <th>sunnudag<\/th>\n    <\/tr>\n    <tr>\n        <td>13:00 &#8211; 15:00<\/td>\n        <td><\/td>\n        <td><\/td>\n        <td><\/td>\n        <td><\/td>\n        <td><\/td>\n        <td><\/td>\n        <td><\/td>\n    <\/tr>\n    <tr>\n        <td>17:30 &#8211; 18:30<\/td>\n        <td><\/td>\n        <td style=\"background-color: #d9e2ec;\">Yngri<\/td>\n        <td><\/td>\n        <td style=\"background-color: #d9e2ec;\">Yngri<\/td>\n        <td><\/td>\n        <td><\/td>\n        <td><\/td>\n    <\/tr>\n    <tr>\n        <td>19:00 &#8211; 20:00<\/td>\n        <td><\/td>\n        <td style=\"background-color: #f4cccc;\">-18<\/td>\n        <td><\/td>\n        <td style=\"background-color: #f4cccc;\">-18<\/td>\n        <td><\/td>\n        <td><\/td>\n        <td><\/td>\n    <\/tr>\n    <tr>\n        <td>20:00 &#8211; 21:00<\/td>\n        <td><\/td>\n        <td style=\"background-color: #ead1dc;\">fullor\u00f0nir<\/td>\n        <td><\/td>\n        <td style=\"background-color: #ead1dc;\">fullor\u00f0nir<\/td>\n        <td><\/td>\n        <td><\/td>\n        <td><\/td>\n    <\/tr>\n    <tr>\n        <td>11:30 <\/td>\n        <td><\/td>\n        <td><\/td>\n        <td><\/td>\n        <td><\/td>\n        <td><\/td>\n        <td style=\"background-color: #ffe599;\">Frj\u00e1lsar \u00e6fingar\/open mat<\/td>\n        <td><\/td>\n    <\/tr>\n<\/table>\n\n\n\n<p><\/p>","protected":false},"excerpt":{"rendered":"<p>B\u00f6rn: 10 \u2013 13\u201318 : 14 \u2013 17 \u00e1ra Fullor\u00f0nir: 18 + M\u00e1nudagur \u00deri\u00f0judagur Mi\u00f0vikudagur Fimmtudagur F\u00f6studagur Laugardagur Sunnudagur 13:00 \u2013 15:00 17:30 \u2013 18:30 Unglingaflokkur Unglingaflokkur 19:00 \u2013 20:00 -18 -18 20:00 \u2013 21:00 Fullor\u00f0nir Fullor\u00f0nir 11:30 Opin d\u00fdna \/ Keppni<\/p>","protected":false},"author":1,"featured_media":0,"parent":0,"menu_order":0,"comment_status":"closed","ping_status":"closed","template":"wp-custom-template-simple-page","meta":{"footnotes":""},"class_list":["post-105","page","type-page","status-publish","hentry"],"_links":{"self":[{"href":"http:\/\/jujitsu.is\/is\/wp-json\/wp\/v2\/pages\/105","targetHints":{"allow":["GET"]}}],"collection":[{"href":"http:\/\/jujitsu.is\/is\/wp-json\/wp\/v2\/pages"}],"about":[{"href":"http:\/\/jujitsu.is\/is\/wp-json\/wp\/v2\/types\/page"}],"author":[{"embeddable":true,"href":"http:\/\/jujitsu.is\/is\/wp-json\/wp\/v2\/users\/1"}],"replies":[{"embeddable":true,"href":"http:\/\/jujitsu.is\/is\/wp-json\/wp\/v2\/comments?post=105"}],"version-history":[{"count":20,"href":"http:\/\/jujitsu.is\/is\/wp-json\/wp\/v2\/pages\/105\/revisions"}],"predecessor-version":[{"id":568,"href":"http:\/\/jujitsu.is\/is\/wp-json\/wp\/v2\/pages\/105\/revisions\/568"}],"wp:attachment":[{"href":"http:\/\/jujitsu.is\/is\/wp-json\/wp\/v2\/media?parent=105"}],"curies":[{"name":"wp","href":"https:\/\/api.w.org\/{rel}","templated":true}]}}